{"id":4010,"date":"2022-03-02T10:13:07","date_gmt":"2022-03-02T09:13:07","guid":{"rendered":"http:\/\/szybmaciej.kompleks-ludwik.pl\/bistro\/menu-bistro\/"},"modified":"2026-01-16T14:04:33","modified_gmt":"2026-01-16T13:04:33","slug":"menu-bistro","status":"publish","type":"page","link":"https:\/\/szybmaciej.pl\/en\/bistro\/menu-bistro\/","title":{"rendered":"Menu Bistro"},"content":{"rendered":"\n<div class=\"wp-block-ugb-container ugb-container ugb-ba998ec ugb-container--v2 ugb-container--design-plain ugb-main-block\"><style>@media screen and (min-width:768px){.ugb-ba998ec.ugb-container{margin-top:0px !important;margin-bottom:0px !important}}@media screen and (min-width:768px){.ugb-ba998ec > .ugb-inner-block > .ugb-block-content > *{padding-bottom:0px !important}}<\/style><div class=\"ugb-inner-block\"><div class=\"ugb-block-content\"><div class=\"ugb-container__wrapper ugb-ba998ec-wrapper\"><div class=\"ugb-container__side\"><div class=\"ugb-container__content-wrapper ugb-ba998ec-content-wrapper\">\n<div class=\"wp-block-ugb-heading ugb-heading ugb-e784b02 ugb-main-block\"><style>.ugb-e784b02 .ugb-heading__title{color:var(--theme-palette-color-1,#3b3b3b);font-family:\"Cookie\",Sans-serif !important;font-size:60px !important;text-transform:none !important;text-align:center;margin-bottom:0px !important}.ugb-e784b02 .ugb-inner-block{text-align:center}@media screen and (min-width:768px){.ugb-e784b02.ugb-heading{margin-top:50px !important;margin-bottom:0px !important;padding-top:10px !important;padding-bottom:0px !important}}@media screen and (max-width:1025px){.ugb-e784b02 .ugb-heading__title{font-size:50px !important}}@media screen and (max-width:768px){.ugb-e784b02.ugb-heading{margin-top:60px !important;margin-bottom:0px !important;padding-bottom:0px !important}}<\/style><div class=\"ugb-inner-block\"><div class=\"ugb-block-content\"><h1 class=\"ugb-heading__title\">Bistro Menu<\/h1><\/div><\/div><\/div>\n<\/div><\/div><\/div><\/div><\/div><\/div>\n\n\n\n<div class=\"wp-block-stackable-columns alignwide stk-block-columns stk-block stk-02d1aaa\" data-block-id=\"02d1aaa\"><style>.stk-02d1aaa{margin-top:60px !important}<\/style><div class=\"stk-row stk-inner-blocks stk-block-content stk-content-align stk-02d1aaa-column alignwide\">\n<div class=\"wp-block-stackable-column stk-block-column stk-column stk-block stk-ed32732\" data-block-id=\"ed32732\"><div class=\"stk-column-wrapper stk-block-column__content stk-container stk-ed32732-container stk--no-background stk--no-padding\"><div class=\"stk-block-content stk-inner-blocks\"><\/div><\/div><\/div>\n<\/div><\/div>\n\n\n\n<div class=\"wp-block-stackable-columns stk-block-columns stk-block stk-aa53f70\" data-block-id=\"aa53f70\"><div class=\"stk-row stk-inner-blocks stk-block-content stk-content-align stk-aa53f70-column\">\n<div class=\"wp-block-stackable-column stk-block-column stk-column stk-block stk-7d049f3\" data-block-id=\"7d049f3\"><div class=\"stk-column-wrapper stk-block-column__content stk-container stk-7d049f3-container stk--no-background stk--no-padding\"><div class=\"stk-block-content stk-inner-blocks\">\n<figure class=\"wp-block-image size-large\" id=\"menu-image\"><img loading=\"lazy\" decoding=\"async\" width=\"1024\" height=\"1024\" src=\"http:\/\/szybmaciej.pl\/wp-content\/uploads\/2022\/03\/menu-bistro-burgery-1024x1024.jpg\" alt=\"\" class=\"wp-image-3580\" srcset=\"https:\/\/szybmaciej.pl\/wp-content\/uploads\/2022\/03\/menu-bistro-burgery-1024x1024.jpg 1024w, https:\/\/szybmaciej.pl\/wp-content\/uploads\/2022\/03\/menu-bistro-burgery-300x300.jpg 300w, https:\/\/szybmaciej.pl\/wp-content\/uploads\/2022\/03\/menu-bistro-burgery-150x150.jpg 150w, https:\/\/szybmaciej.pl\/wp-content\/uploads\/2022\/03\/menu-bistro-burgery-768x768.jpg 768w, https:\/\/szybmaciej.pl\/wp-content\/uploads\/2022\/03\/menu-bistro-burgery-600x600.jpg 600w, https:\/\/szybmaciej.pl\/wp-content\/uploads\/2022\/03\/menu-bistro-burgery-100x100.jpg 100w, https:\/\/szybmaciej.pl\/wp-content\/uploads\/2022\/03\/menu-bistro-burgery.jpg 1286w\" sizes=\"auto, (max-width: 1024px) 100vw, 1024px\" \/><\/figure>\n<\/div><\/div><\/div>\n\n\n\n<div class=\"wp-block-stackable-column stk-block-column stk-column stk-block stk-c7710d9\" data-block-id=\"c7710d9\"><div class=\"stk-column-wrapper stk-block-column__content stk-container stk-c7710d9-container stk--no-background stk--no-padding\"><div class=\"stk-block-content stk-inner-blocks\">\n<ul id=\"restaurant\">\n<li id=\"menu-zupy\" class=\"first\"><a class=\"pierwsze\" href=\"#\">Soups<\/a>\n<ul>\n<li><strong>Tomato soup<\/strong><em>23<\/em><br \/>with rice or noodles<\/li>\n<li><strong>Chicken noodle soup<\/strong><em>21<\/em><\/li>\n<li><strong>Silesian sour rye soup with egg<\/strong><em>23<\/em><\/li>\n<\/ul>\n<\/li>\n<li id=\"menu-dania-glowne\" class=\"first\"><a class=\"pierwsze\" href=\"#\">Dinner dishes<\/a>\n<ul>\n<li><strong>Ravioli with chicken<\/strong><em>54<\/em><br \/>grilled chicken, ravioli, parmesan, arugula<\/li>\n<li><strong>Vegetarian bucatini<\/strong><em>53<\/em><br \/>bucatini pasta, spinach, tomatoes, cauliflower, green pesto<\/li>\n<li><strong>Minced meat cutelet<\/strong><em>48<\/em><br \/>mashed potatoes, cucumber salad<\/li>\n<li><strong>Silesian dinner<\/strong><em>72<\/em><br \/>chicken noodle soup, beef roulade, silesian dumplings, red cabbage, gravy<\/li>\n<li><strong>Beef roulade<\/strong><em>65<\/em><br \/>silesian dumplings, red cabbage, gravy<\/li>\n<\/ul>\n<\/li>\n<li id=\"menu-pizza\" class=\"first\"><a class=\"pierwsze\" href=\"#\">Pizza (diameter 40cm)<\/a>\n<ul class=\"proste\">\n<li><strong>Margherita<\/strong><em>41<\/em><br \/>tomato sauce, mozzarella, oregano<\/li>\n<li><strong>Hajera<\/strong><em>48<\/em><br \/>tomato sauce, mozzarella, ham, mushrooms, oregano<\/li>\n<li><strong>Sztygara<\/strong><em>51<\/em><br \/>tomato sauce, mozzarella, sausage, ham, mushrooms, pickled cucumber, oregano<\/li>\n<li><strong>Pepperoni<\/strong><em>56<\/em><br \/>tomato sauce, mozzarella, pepperoni salami, jalapeno, onions, olives, oregano<\/li>\n<li><strong>Prosciutto<\/strong><em>57<\/em><br \/>tomato sauce, mozzarella, parma ham, arugula, parmesan cheese, oregano<\/li>\n<li><strong>Vege<\/strong><em>55<\/em><br \/>tomato sauce, white mozzarella, zucchini, artichokes, olives, sun-dried tomatoes, garlic<\/li>\n<li><strong>Formaggio<\/strong><em>58<\/em><br \/>tomato sauce, mozzarella, gorgonzola, parmesan, camembert<\/li>\n<\/ul>\n<ul>\n<li><a class=\"drugie\">Pizza toppings<\/a>\n<ul>\n<li><strong>Garlic, tomato sauce<\/strong><em>3<\/em><\/li>\n<li><strong>Olive oil<\/strong><em>5<\/em><\/li>\n<\/ul>\n<\/li>\n<\/ul>\n<\/li>\n<li id=\"menu-burgery-w-zestawie-z-frytkami\" class=\"first\"><a class=\"pierwsze\" href=\"#\">Burgers with fries<\/a>\n<ul>\n<li><strong>Chicken<\/strong><em>44<\/em><br \/>chicken breast, lettuce, tomato, red onion, \u00a0pickled cucumber, tzatziki sauce<\/li>\n<li><strong>Vege<\/strong><em>44<\/em><br \/>rad onion, lettuce, tomato, pickled cucumber, breaded cheese, sauce<\/li>\n<li><strong>Classic<\/strong><em>48<\/em><br \/>100% beef, lettuce, tomato, pickled cucumber, onion, cheddar, mayonnaise sauce<\/li>\n<li><strong>Bez spiny<\/strong><em>51<\/em><br \/>100% beef, lettuce, tomato, pickled cucumber, arugula, grilled peppers, cheddar, mayonnaise sauce<\/li>\n<li><strong>Extreme<\/strong><em>52<\/em><br \/>100% beef, lettuce, tomato, pickled cucumber, bacon, chili, cheddar, red onion, jalape\u00f1o, salsa<\/li>\n<li><strong>Salmon<\/strong><em>52<\/em><br \/>salmon, lettuce, tomato, red onion, pickled cucumber, tzatziki sauce<\/li>\n<\/ul>\n<\/li>\n<li id=\"menu-pierogi\" class=\"first\"><a class=\"pierwsze\" href=\"#\">Dumplings<\/a>\n<ul>\n<li><strong>Dumplings with potatoes and cottage cheese (6\/8 pcs.)<\/strong><em>29\/38<\/em><br \/>with fat, bacon and onion<\/li>\n<li><strong>Dumplings with meat (6\/8 pcs.)<\/strong><em>29\/38<\/em><br \/>with fat, bacon and onion<\/li>\n<li><strong>Dumplings with seasonal fruit (6\/8 pcs.)<\/strong><em>28\/37<\/em><\/li>\n<li><strong>Dumplings with sweet cheese (6\/8 pcs.)<\/strong><em>28\/37<\/em><\/li>\n<\/ul>\n<\/li>\n<li id=\"menu-salatki\" class=\"first\"><a class=\"pierwsze\" href=\"#\">Salads<\/a>\n<ul>\n<li><strong>Mozzarella salad<\/strong><em>45<\/em><br \/>mozzarella di bufala, spinach, corn salad, rocket, radish, cherry tomato, watermelonfior di latte mozzarella, spinach, iceberg lettuce, rocket, pear, red onion, cherry tomato, bread<\/li>\n<\/ul>\n<\/li>\n<li id=\"menu-dla-dzieci\" class=\"first\"><a class=\"pierwsze\" href=\"#\">Children&#8217;s menu<\/a>\n<ul>\n<li><strong>Homemade chicken noodle soup<\/strong><em>16<\/em><\/li>\n<li><strong>Tomato soup<\/strong><em>16<\/em><br \/>with rice or pasta<\/li>\n<li><strong>Grilled chicken fillet<\/strong><em>34<\/em><br \/>sous-vide fillet, carrot salad, fries<\/li>\n<li><strong>Grilled chicken fillet<\/strong><em>34<\/em><br \/>sous-vide fillet, carrot salad, silesian dumpling with gravy<\/li>\n<li><strong>Salmon fillet<\/strong><em>39<\/em><br \/>potato pur\u00e9e or fries, carrot salad<\/li>\n<li><strong>Dumplings (6 pcs.)<\/strong><em>28<\/em><br \/>with sweet cheese or fruit<\/li>\n<li><strong>Pancakes with cheese (3 pcs.)<\/strong><em>28<\/em><br \/>with whipped cream and seasonal fruit<\/li>\n<\/ul>\n<\/li>\n<li id=\"menu-desery\" class=\"first\"><a class=\"pierwsze\" href=\"#\">Desserts<\/a>\n<ul>\n<li><strong>Viennese cheesecake<\/strong><em>27<\/em><br \/>with fruit puree<\/li>\n<li><strong>Brownie<\/strong><em>29<\/em><br \/>with fruit puree<\/li>\n<li><strong>Ice cream dessert with cream and fruit<\/strong><em>25<\/em><br \/>flavor mix \/ vanilla \/ nut \/ chocolate<\/li>\n<\/ul>\n<\/li>\n<li id=\"menu-dodatki-do-potraw\" class=\"first\"><a class=\"pierwsze\" href=\"#\">Food additives<\/a>\n<ul>\n<li><strong>Steakhouse fries 250g<\/strong><em>13<\/em><\/li>\n<li><strong>Silesian dumplings with gravy (8 pcs.)<\/strong><em>17<\/em><\/li>\n<li><strong>Potato r\u00f6sti (8 szt.)<\/strong><em>14<\/em><\/li>\n<li><strong>Garlic sauce<\/strong><em>3<\/em><\/li>\n<li><strong>Tomato sauce \/ ketchup<\/strong><em>3<\/em><\/li>\n<li><strong>Olive oil<\/strong><em>5<\/em><\/li>\n<\/ul>\n<\/li>\n<li id=\"menu-napoje-zimne\" class=\"first\"><a class=\"pierwsze\" href=\"#\">Cold drinks<\/a>\n<ul>\n<li><strong>Coca-Cola \/ Coca-Cola Zero \/ Fanta \/ Sprite \/ Tonic 0,25l<\/strong><em>13<\/em><\/li>\n<li><strong>Cappy fruit juices 0,25l<\/strong><em>13<\/em><\/li>\n<li><strong>Red Bull 0,25l<\/strong><em>15<\/em><\/li>\n<li><strong>Kropla Beskidu Delice 0,33l<\/strong><em>12<\/em><\/li>\n<li><strong>Water from the Maciej Shaft intake 0,33l<\/strong><em>6<\/em><\/li>\n<li><strong>Jug of water from the Maciej Schaft intake 1,0l<\/strong><em>15<\/em><\/li>\n<li><strong>Juice jug 1,0l<\/strong><em>25<\/em><br \/>orange, apple<\/li>\n<li><strong>Fresh juice 0,33l<\/strong><em>22<\/em><br \/>orange, grapefruit, fruit mix<\/li>\n<li><strong>Seasonal lemonade 0,33l\/1,0l<\/strong><em>18\/45<\/em><\/li>\n<\/ul>\n<\/li>\n<li id=\"menu-napoje-gorace\" class=\"first\"><a class=\"pierwsze\" href=\"#\">Hot beverages<\/a>\n<ul>\n<li><strong>Espresso 0,02l<\/strong><em>12<\/em><\/li>\n<li><strong>Espresso doppio 0,04l<\/strong><em>15<\/em><\/li>\n<li><strong>Espresso macchiato 0,02l<\/strong><em>14<\/em><\/li>\n<li><strong>Black coffee 0,2l<\/strong><em>12<\/em><\/li>\n<li><strong>White coffee 0,2l<\/strong><em>14<\/em><\/li>\n<li><strong>Cappuccino 0,2l<\/strong><em>15<\/em><\/li>\n<li><strong>Americano 0,2l<\/strong><em>12<\/em><\/li>\n<li><strong>Caffe Latte 0,2l<\/strong><em>17<\/em><\/li>\n<li><strong>Flavored syrup for coffee<\/strong><em>2<\/em><\/li>\n<li><strong>Black tea \/ flavored tea<\/strong><em>15<\/em><br \/>Ceylon Gold, English Breakfast, Gunpowder Green, Green Jasmine, Peppermint Green, White Pearl of Fujian, Forest Fruits, Peach Lemon Star, Mexican Dream, Yerba Mate Lemon, Earl Grey, Rooibos Sunrise<\/li>\n<\/ul>\n<\/li>\n<li id=\"menu-alkohole\" class=\"first\"><a class=\"pierwsze\">Beers<\/a>\n<ul>\n<li><a class=\"drugie\">Bottled beers<\/a>\n<ul>\n<li><strong>Raciborskie 0,5l<\/strong><em>17<\/em><\/li>\n<li><strong>G\u00f3rnicze 0,5l<\/strong><em>17<br \/><\/em><\/li>\n<li><strong>Pilsner Urquell 0,5l<\/strong><em>20<\/em><\/li>\n<\/ul>\n<\/li>\n<li><a class=\"drugie\">Non-alcoholic beers<\/a>\n<ul>\n<li><strong>Raciborskie 0,0% 0,5l<\/strong><em>17<\/em><\/li>\n<li><strong>W\u0105sosz 0,5l (flavoured)<\/strong><em>20<\/em><\/li>\n<\/ul>\n<\/li>\n<\/ul>\n<\/li>\n<\/ul>\n\n\n<script>\r\nlet zdjecia = {\r\n  \"menu-zupy\": \"\/wp-content\/uploads\/2022\/03\/menu-bistro-zupy.jpg\",\r\n  \"menu-dania-glowne\": \"\/wp-content\/uploads\/2022\/10\/menu-bistro-obiadowe.jpg\",\r\n  \"menu-pizza\": \"\/wp-content\/uploads\/2022\/11\/menu-bustro-pizza2.jpg\",\r\n  \"menu-burgery-w-zestawie-z-frytkami\": \"\/wp-content\/uploads\/2022\/03\/menu-bistro-burgery.jpg\",\r\n  \"menu-pierogi\": \"\/wp-content\/uploads\/2022\/03\/menu-bistro-pierogi.jpg\",\r\n  \"menu-salatki\": \"\/wp-content\/uploads\/2022\/10\/menu-bistro-salatki.jpg\",\r\n  \"menu-dla-dzieci\": \"\/wp-content\/uploads\/2022\/03\/menu-bistro-menudladzieci.jpg\",\r\n  \"menu-desery\": \"\/wp-content\/uploads\/2022\/10\/menu-bistro-desery2.jpg\",\r\n  \"menu-dodatki-do-potraw\": \"\/wp-content\/uploads\/2022\/11\/menu-bistro-dodatki.jpg\",\r\n  \"menu-napoje-zimne\": \"\/wp-content\/uploads\/2022\/10\/menu-restauracji-zimne-napoje.jpg\",\r\n  \"menu-napoje-gorace\": \"\/wp-content\/uploads\/2022\/10\/kawa-szyb.jpg\",\r\n  \"menu-alkohole\": \"\/wp-content\/uploads\/2022\/03\/menu-piwa-butelkowe.jpg\"\r\n}\r\n\/\/ Preload photo\r\n\tjQuery('#menu-image img').addClass('menu');\r\n\tjQuery.each(zdjecia, function(index, value) {\r\n\t\tjQuery('<img \/>').attr('src', value).appendTo('#menu-image').slideUp(0).addClass(index);\r\n\t});\r\n\t\r\n\tjQuery(\"#restaurant li.first a.pierwsze\").click(function (e) {\r\n\t  e.preventDefault();\r\n\r\n\t  var $this = jQuery(this);\r\n\t  jQuery(\"a.pierwsze\").removeClass(\"pierwsze_on\");\r\n\t  jQuery(\"a.pierwsze\").addClass(\"pierwsze_off\");\r\n\r\n\t  if ($this.parent().children(\"ul\").css(\"display\") === \"none\") {\r\n\t\tjQuery(\"#restaurant ul\").slideUp(500, \"linear\", function () {});\r\n\t\t  \r\n\t\t$this\r\n\t\t  .parent()\r\n\t\t  .children(\"ul\")\r\n\t\t  .slideToggle(500, \"linear\", function () {});\r\n\r\n\t\t\/\/ Ikona plus i powr\u00f3t po prawej stronie - wy\u0142\u0105cz wszystkie\r\n\t\t$this.removeClass(\"pierwsze_off\");\r\n\t\t$this.addClass(\"pierwsze_on\");\r\n\t  } else {\r\n\t\t$this\r\n\t\t  .parent()\r\n\t\t  .children(\"ul\")\r\n\t\t  .slideToggle(500, \"linear\", function () {\r\n\t\t\t\t\/\/ Ikona plus i powr\u00f3t po prawej stronie\r\n\t\t\t\t$this.removeClass(\"pierwsze_on\");\r\n\t\t\t\t$this.addClass(\"pierwsze_off\");\t\t\r\n\t\t\t});\r\n\r\n\r\n\t  }\r\n\t});\r\n\tjQuery(\"#restaurant li.first ul li a.drugie\").click(function (e) {\r\n\t  e.preventDefault();\r\n\r\n\t  var $this = jQuery(this);\r\n\r\n\t  if ($this.parent().children(\"ul\").css(\"display\") === \"none\") {\r\n\t\tjQuery(\"#restaurant ul ul\").slideUp(500, \"linear\", function () {});\r\n\t\t$this\r\n\t\t  .parent()\r\n\t\t  .children(\"ul\")\r\n\t\t  .slideToggle(200, \"linear\", function () {});\r\n\t\t$this\r\n\t\t  .parent()\r\n\t\t  .children(\"ul\")\r\n\t\t  .find(\"ul\")\r\n\t\t  .slideToggle(200, \"linear\", function () {});\r\n\t  } else {\r\n\t\t$this\r\n\t\t  .parent()\r\n\t\t  .children(\"ul\")\r\n\t\t  .slideToggle(200, \"linear\", function () {});\r\n\t\t$this\r\n\t\t  .parent()\r\n\t\t  .children(\"ul\")\r\n\t\t  .find(\"ul\")\r\n\t\t  .slideToggle(200, \"linear\", function () {});\r\n\t  }\r\n\t});\r\n\r\n\r\n\tlet currentDivId = \"menu\";\r\n\tjQuery(\"#restaurant li\").click(function (e) {\r\n\t\t\/\/return false;\r\n\t\tlet divId = jQuery(this).attr(\"id\");\r\n\t\tlet imgSrc = \"\";\r\n\t\t\r\n\t\tif (divId != undefined && divId != currentDivId) {\r\n\t\t\tjQuery('#menu-image img.' + currentDivId).fadeOut(500);\r\n\t\t\tjQuery('#menu-image img.' + divId).fadeIn(500);\r\n\t\t\tcurrentDivId = divId;\r\n\t\t\t\r\n\t\t}\r\n\t\t\r\n\t});\r\n\r\n\r\n<\/script>\r\n<style>\r\n\t#menu-image {\r\n\t\tdisplay:grid;\t\r\n\t}\r\n\t#menu-image a {\r\n\t\tgrid-row:1;\r\n\t\tgrid-column:1;\r\n\t}\r\n\t#restaurant {\r\n\t\tlist-style-type: none;\r\n\t\tpadding: 0;\r\n\t\tmargin: 0;\r\n\t\tfont-family: Lato;\r\n\t\tcolor: #666666;\r\n\t}\r\n\t#restaurant li {\r\n\t\tpadding: 0;\r\n\t\tmargin: 0;\r\n\t}\r\n\t#restaurant li>ul {\r\n\t\tlist-style-type: none;\r\n\t\t\/* display: none; *\/\r\n\t}\r\n\t#restaurant>li {\r\n\t\tcursor: pointer;\r\n\t}\r\n\t#restaurant .first {\r\n\t\tmargin-bottom: 10px !important;\r\n\t\tline-height: 32px !important;\r\n\t}\r\n\t#restaurant .first a.pierwsze {\r\n\t\tfont-family: Lato;\r\n\t\tdisplay: block !important;\r\n\t\tfont-size: 18px !important;\r\n\t\tfont-weight: 600 !important;\r\n\t\tcolor: var(--theme-palette-color-1, #274435);\r\n\t\tbackground-color: #e8e3d7;\r\n\t\tline-height: 32px !important;\r\n\t\tpadding-bottom: 10px;\r\n\t\tpadding-left: 20px;\r\n\t\tpadding-right: 20px;\r\n\t\tpadding-top: 10px;\r\n\t\ttext-decoration: none;\r\n\t}\r\n\t#restaurant .first a.pierwsze::before {\r\n\t\tdisplay: block;\r\n\t\tcontent: ' ';\r\n\r\n\t\tbackground-size: 28px 28px;\r\n\t\tbackground-repeat: no-repeat;\r\n\t\theight: 28px;\r\n\t\twidth: 28px;\r\n\t\tfloat: left;\r\n\t\tmargin-right: 10px;\r\n\t}\r\n        \/* MENU BISTRO *\/\r\n        #restaurant #menu-zupy a.pierwsze::before {\r\n            background-image: url(http:\/\/szybmaciej.pl\/wp-content\/uploads\/2022\/03\/zupy2.svg);\r\n        }\r\n        #restaurant #menu-dania-glowne a.pierwsze::before {\r\n            background-image: url(http:\/\/szybmaciej.pl\/wp-content\/uploads\/2022\/03\/food-tray.svg);\r\n        }\r\n        #restaurant #menu-pizza a.pierwsze::before {\r\n            background-image: url(http:\/\/szybmaciej.pl\/wp-content\/uploads\/2022\/03\/pizza.svg);\r\n        }\r\n        #restaurant #menu-burgery-w-zestawie-z-frytkami a.pierwsze::before {\r\n            background-image: url(http:\/\/szybmaciej.pl\/wp-content\/uploads\/2022\/03\/hamburger.svg);\r\n        }\r\n        #restaurant #menu-pierogi a.pierwsze::before {\r\n            background-image: url(http:\/\/szybmaciej.pl\/wp-content\/uploads\/2022\/03\/dumpling.svg);\r\n        }\r\n        #restaurant #menu-salatki a.pierwsze::before {\r\n            background-image: url(http:\/\/szybmaciej.pl\/wp-content\/uploads\/2022\/03\/salatki.svg);\r\n        }\r\n        #restaurant #menu-dla-dzieci a.pierwsze::before {\r\n            background-image: url(http:\/\/szybmaciej.pl\/wp-content\/uploads\/2022\/03\/menu-dzieciece.svg);\r\n        }\r\n        #restaurant #menu-desery a.pierwsze::before {\r\n            background-image: url(http:\/\/szybmaciej.pl\/wp-content\/uploads\/2022\/03\/cake-1.svg);\r\n        }\r\n        #restaurant #menu-dodatki-do-potraw a.pierwsze::before {\r\n            background-image: url(http:\/\/szybmaciej.pl\/wp-content\/uploads\/2022\/03\/food.svg);\r\n        }\r\n        #restaurant #menu-napoje-zimne a.pierwsze::before {\r\n            background-image: url(http:\/\/szybmaciej.pl\/wp-content\/uploads\/2022\/03\/cold-drink-1.svg);\r\n        }\r\n        #restaurant #menu-napoje-gorace a.pierwsze::before {\r\n            background-image: url(http:\/\/szybmaciej.pl\/wp-content\/uploads\/2022\/03\/coffee-1.svg);\r\n        }\r\n        #restaurant #menu-alkohole a.pierwsze::before {\r\n            background-image: url(http:\/\/szybmaciej.pl\/wp-content\/uploads\/2022\/03\/alkohole.svg);\r\n        }\r\n\t#restaurant .first a.pierwsze::after {\r\n\t\tdisplay: block;\r\n\t\tcontent: ' ';\r\n\t\tbackground-image: url(\/wp-content\/uploads\/2023\/01\/collaps.svg);\r\n\t\tbackground-size: 18px 32px;\r\n\t\tbackground-repeat: no-repeat;\r\n\t\theight: 28px;\r\n\t\twidth: 28px;\r\n\t\tfloat: right;\r\n\t\tmargin-left: 10px;\r\n\t\tline-height: 32px !important;\r\n\t\t-webkit-transition: all 300ms linear;\r\n\t\t-moz-transition: all 300ms linear;\r\n\t\t-o-transition: all 300ms linear;\r\n\t\t-ms-transition: all 300ms linear;\r\n\t\ttransition: all 1300ms linear;\r\n\t}\r\n\t#restaurant .first a.pierwsze_off::after {\r\n\t\tbackground-image: url(\/wp-content\/uploads\/2023\/01\/collaps.svg) !important;\r\n\t}\r\n\t#restaurant .first a.pierwsze_on {\r\n\t\ttransition: all 1300ms linear;\r\n\t}\r\n\t#restaurant .first a.pierwsze_on::after {\r\n\t\tbackground-image: url(\/wp-content\/uploads\/2023\/01\/back.svg) !important;\r\n\t\ttransition: all 1300ms linear;\r\n\t}\r\n\t#restaurant .first ul {\r\n\t\tmargin: 10px 30px 10px 10px;\r\n\t\t\/* background-color: #ffffff; *\/\r\n\t}\r\n\t#restaurant .first > ul {\r\n\t\tpadding-left: 40px;\r\n\t\tdisplay: none;\r\n\t}\r\n\t.drugie {\r\n\t\tfont-family: Lato;\r\n\t\tdisplay: block;\r\n\t\tfloat: none;\r\n\t\tfont-size: 18px;\r\n\t\tcolor: #4F4C47 !important;\r\n\t\tfont-weight: 600 !important;\r\n\t\tmargin-top: 20px;\r\n\t\tline-height: 28px;\r\n\t\ttext-decoration: none;\r\n\t}\r\n\t.drugie::before {\r\n\t\tdisplay: block;\r\n\t\tcontent: ' ';\r\n\t\tbackground-image: url(\/wp-content\/uploads\/2022\/03\/plusikpod.svg);\r\n\t\tbackground-size: 28px 28px;\r\n\t\tbackground-repeat: no-repeat;\r\n\t\theight: 28px;\r\n\t\twidth: 28px;\r\n\t\tfloat: left;\r\n\t\tmargin-right: 10px;\r\n\t}\r\n\t#restaurant li ul li ul, #restaurant li ul.proste {\r\n\t\tclear: both;\r\n\t}\r\n\t#restaurant li ul.proste li ul {\r\n\t\tdisplay: block !important;\r\n\t\twidth: 100%;\r\n\t\tmargin-top: -26px;\r\n\t\tpadding-left: 0;\r\n\t\tmargin-left: 0;\r\n\t}\r\n\t\/*\r\n\t#restaurant li ul li ul li, #restaurant li ul.proste li {\r\n\t\tdisplay: block;\r\n\t\tclear: both;\r\n\t\tfloat: none;\r\n\t\tcolor: #666666;\r\n\t\tfont-size: 18px;\r\n\t\tfont-weight: 900;\r\n\t\tmargin-bottom: 10px;\r\n\t\tline-height: 30px;\r\n\t\tcolor: red !important;\r\n\t}\r\n\t*\/\r\n\t\/* Menu podw\u00f3jnie zagnie\u017cd\u017cone *\/\r\n\t#restaurant > .first ul li ul {\r\n  \t\tmargin: 10px 0px 10px -6px !important;\r\n\t}\r\n\t#restaurant > .first ul li ul li {\r\n\t}\r\n\t\r\n\t\/* Menu pojedy\u0144czo zagnie\u017cd\u017cone *\/\r\n\t#restaurant > .first ul li, #restaurant > .first ul li ul li {\r\n\t\tline-height: 22px;\r\n\t\tmargin-top: 30px;\r\n\t\tmargin-bottom: 30px;\r\n\t}\r\n\t#restaurant > .first ul li em {\r\n\t\tcolor: #666666;\r\n\t\tfont-size: 18px;\r\n\t\tfont-weight: 600;\r\n\t\tdisplay: inline-block;\r\n\t\tfloat: right;\r\n\t}\r\n\t\r\n\t\/* opis *\/\r\n\t#restaurant li ul li ul li ul, ul.proste li ul {\r\n\t\tdisplay: inline;\r\n\t\tpadding-bottom: 0px;\r\n\t}\r\n\r\n\t\/* cena *\/\r\n\t#restaurant li ul li ul li ul li:first-child, #restaurant li ul.proste li ul li:first-child {\r\n\t\tdisplay: inline;\r\n\t\twidth: 29%;\r\n\t\ttext-align: right;\r\n\t\tfloat: right;\r\n\t\tcolor: #666666;\r\n\t\tfont-size: 18px;\r\n\t\tfont-weight: 600;\r\n\t\tline-height: 20px;\r\n\t}\r\n\t\/* opis *\/\r\n\t#restaurant li ul li ul li ul li:nth-child(2), #restaurant li ul.proste li ul li:nth-child(2) {\r\n\t\tfloat: none;\r\n\t\tclear: both;\r\n\t\tmargin-bottom: 20px;\r\n\t\tcolor: #666666;\r\n\t\tfont-size: 16px;\r\n\t\tfont-weight: 400;\r\n\t\tline-height: 20px;\r\n\t\tmargin-bottom: 10px;\r\n\t\tline-height: 20px;\r\n\t\tmargin-bottom: 20px;\r\n\t}\r\n\t.content .lewo .menu-image {\r\n\t\twidth: 90%;\r\n\t}\r\n<\/style>\n<\/div><\/div><\/div>\n<\/div><\/div>\n\n\n\n<p><\/p>\n","protected":false},"excerpt":{"rendered":"<p>Bistro Menu Soups Tomato soup23with rice or noodles Chicken noodle soup21 Silesian sour rye soup with egg23 Dinner dishes Ravioli with chicken54grilled chicken, ravioli, parmesan, arugula Vegetarian bucatini53bucatini pasta, spinach, tomatoes, cauliflower, green pesto Minced meat cutelet48mashed potatoes, cucumber salad Silesian dinner72chicken noodle soup, beef roulade, silesian dumplings, red cabbage, gravy Beef roulade65silesian dumplings, red [&hellip;]<\/p>\n","protected":false},"author":1,"featured_media":0,"parent":4001,"menu_order":0,"comment_status":"closed","ping_status":"closed","template":"","meta":{"_acf_changed":false,"_gspb_post_css":"","footnotes":""},"class_list":["post-4010","page","type-page","status-publish","hentry"],"blocksy_meta":{"styles_descriptor":{"styles":{"desktop":"","tablet":"","mobile":""},"google_fonts":[],"version":6}},"acf":[],"aioseo_notices":[],"featured_image_urls_v2":{"full":"","thumbnail":"","medium":"","medium_large":"","large":"","1536x1536":"","2048x2048":"","awb_sm":"","awb_md":"","awb_lg":"","awb_xl":""},"post_excerpt_stackable_v2":"<p>Bistro Menu Soups Tomato soup23with rice or noodles Chicken noodle soup21 Silesian sour rye soup with egg23 Dinner dishes Ravioli with chicken54grilled chicken, ravioli, parmesan, arugula Vegetarian bucatini53bucatini pasta, spinach, tomatoes, cauliflower, green pesto Minced meat cutelet48mashed potatoes, cucumber salad Silesian dinner72chicken noodle soup, beef roulade, silesian dumplings, red cabbage, gravy Beef roulade65silesian dumplings, red cabbage, gravy Pizza (diameter 40cm) Margherita41tomato sauce, mozzarella, oregano Hajera48tomato sauce, mozzarella, ham, mushrooms, oregano Sztygara51tomato sauce, mozzarella, sausage, ham, mushrooms, pickled cucumber, oregano Pepperoni56tomato sauce, mozzarella, pepperoni salami, jalapeno, onions, olives, oregano Prosciutto57tomato sauce, mozzarella, parma ham, arugula, parmesan cheese, oregano Vege55tomato sauce, white&hellip;<\/p>\n","category_list_v2":"","author_info_v2":{"name":"szybmaciej","url":"https:\/\/szybmaciej.pl\/en\/author\/kopalnia\/"},"comments_num_v2":"0 comments","_links":{"self":[{"href":"https:\/\/szybmaciej.pl\/en\/wp-json\/wp\/v2\/pages\/4010","targetHints":{"allow":["GET"]}}],"collection":[{"href":"https:\/\/szybmaciej.pl\/en\/wp-json\/wp\/v2\/pages"}],"about":[{"href":"https:\/\/szybmaciej.pl\/en\/wp-json\/wp\/v2\/types\/page"}],"author":[{"embeddable":true,"href":"https:\/\/szybmaciej.pl\/en\/wp-json\/wp\/v2\/users\/1"}],"replies":[{"embeddable":true,"href":"https:\/\/szybmaciej.pl\/en\/wp-json\/wp\/v2\/comments?post=4010"}],"version-history":[{"count":90,"href":"https:\/\/szybmaciej.pl\/en\/wp-json\/wp\/v2\/pages\/4010\/revisions"}],"predecessor-version":[{"id":12459,"href":"https:\/\/szybmaciej.pl\/en\/wp-json\/wp\/v2\/pages\/4010\/revisions\/12459"}],"up":[{"embeddable":true,"href":"https:\/\/szybmaciej.pl\/en\/wp-json\/wp\/v2\/pages\/4001"}],"wp:attachment":[{"href":"https:\/\/szybmaciej.pl\/en\/wp-json\/wp\/v2\/media?parent=4010"}],"curies":[{"name":"wp","href":"https:\/\/api.w.org\/{rel}","templated":true}]}}