{"id":4440,"date":"2022-02-07T10:59:23","date_gmt":"2022-02-07T09:59:23","guid":{"rendered":"http:\/\/szybmaciej.kompleks-ludwik.pl\/?page_id=4440"},"modified":"2025-03-06T21:22:35","modified_gmt":"2025-03-06T20:22:35","slug":"wydarzenia","status":"publish","type":"page","link":"https:\/\/szybmaciej.pl\/de\/wydarzenia\/","title":{"rendered":"Veranstaltungen"},"content":{"rendered":"\n<div class=\"alignfull wp-block-ugb-container ugb-container ugb-ba78450 ugb-container--v2 ugb-container--design-plain ugb-main-block ugb-main-block--inner-center ugb--has-block-background ugb--has-background-overlay\"><style>.ugb-ba78450-wrapper.ugb-container__wrapper{min-height:100vh}.ugb-ba78450 .ugb-inner-block{text-align:center}.ugb-ba78450.ugb-container{background-color:#000000;background-image:url(http:\/\/szybmaciej.pl\/wp-content\/uploads\/2022\/02\/wydarzenia.mp4);background-position:bottom center}.ugb-ba78450.ugb-container:before{background-color:#000000;opacity:0.1}@media screen and (max-width:768px){.ugb-ba78450.ugb-container{background-image:url(http:\/\/szybmaciej.kompleks-ludwik.pl\/wp-content\/uploads\/2022\/03\/glowna-sekcja-wydarzenia.jpg);background-position:center center;background-size:cover !important}.ugb-ba78450.ugb-container:before{opacity:0.1}}.ugb-ba78450 > .ugb-inner-block > .ugb-block-content > *{justify-content:center !important}<\/style><video class=\"ugb-video-background ugb--video-hide-mobile\" autoplay muted loop playsinline src=\"http:\/\/szybmaciej.pl\/wp-content\/uploads\/2022\/02\/wydarzenia.mp4\"><\/video><div class=\"ugb-inner-block ugb-inner-block--center\"><div class=\"ugb-block-content\"><div class=\"ugb-container__wrapper ugb-ba78450-wrapper\"><div class=\"ugb-container__side\"><div class=\"ugb-container__content-wrapper ugb-ba78450-content-wrapper\">\n<div class=\"wp-block-stackable-columns stk-block-columns stk-block stk-8c8ecaa\" data-block-id=\"8c8ecaa\"><style>.stk-8c8ecaa{display:flex !important}.stk-8c8ecaa{align-items:center !important}<\/style><div class=\"stk-row stk-inner-blocks stk-block-content stk-content-align stk-8c8ecaa-column\">\n<div class=\"wp-block-stackable-column stk-block-column stk-column stk-block stk-5188aed\" data-block-id=\"5188aed\"><style>@media screen and (min-width:690px){.stk-5188aed{flex:1 1 calc(20% - var(--stk-column-gap,0px) * 2 \/ 3 ) !important}}<\/style><div class=\"stk-column-wrapper stk-block-column__content stk-container stk-5188aed-container stk--no-background stk--no-padding\"><div class=\"stk-block-content stk-inner-blocks\"><\/div><\/div><\/div>\n\n\n\n<div class=\"wp-block-stackable-column stk-block-column stk-column stk-block stk-e700e51\" data-block-id=\"e700e51\"><style>@media screen and (min-width:690px){.stk-e700e51{flex:1 1 calc(60% - var(--stk-column-gap,0px) * 2 \/ 3 ) !important}}<\/style><div class=\"stk-column-wrapper stk-block-column__content stk-container stk-e700e51-container stk--no-background stk--no-padding\"><div class=\"stk-block-content stk-inner-blocks\">\n<h1 class=\"wp-block-heading has-text-align-center shadow has-palette-color-8-color has-text-color\" id=\"szyb-maciej\"><span style=\"color: var(--theme-palette-color-8, #ffffff);\" class=\"stk-highlight\">Veranstaltungen<\/span><\/h1>\n\n\n\n<p class=\"has-text-align-center shadow2\">KULTUR <strong>\u00b7<\/strong> MUSIK <strong>\u00b7<\/strong> UNTERHALTUNG<\/p>\n<\/div><\/div><\/div>\n\n\n\n<div class=\"wp-block-stackable-column stk-block-column stk-column stk-block stk-c80ce88\" data-block-id=\"c80ce88\"><style>@media screen and (min-width:690px){.stk-c80ce88{flex:1 1 calc(20% - var(--stk-column-gap,0px) * 2 \/ 3 ) !important}}<\/style><div class=\"stk-column-wrapper stk-block-column__content stk-container stk-c80ce88-container stk--no-background stk--no-padding\"><div class=\"stk-block-content stk-inner-blocks\"><\/div><\/div><\/div>\n<\/div><\/div>\n\n\n\n<div class=\"wp-block-buttons top-btn-container is-content-justification-center is-layout-flex wp-container-core-buttons-is-layout-a89b3969 wp-block-buttons-is-layout-flex\">\n<div class=\"wp-block-button\"><a class=\"wp-block-button__link has-text-align-center wp-element-button\" href=\"\/de\/restauracja\/\">Restaurant<\/a><\/div>\n\n\n\n<div class=\"wp-block-button\"><a class=\"wp-block-button__link has-text-align-center wp-element-button\" href=\"\/de\/bistro\/\">Bistro<\/a><\/div>\n<\/div>\n\n\n\n<div class=\"wp-block-buttons top-btn-container top-btn-container-3 is-content-justification-center is-layout-flex wp-container-core-buttons-is-layout-a89b3969 wp-block-buttons-is-layout-flex\">\n<div class=\"wp-block-button\"><a class=\"wp-block-button__link has-text-align-center wp-element-button\" href=\"\/de\/tourismus\/\">Tourismus<\/a><\/div>\n\n\n\n<div class=\"wp-block-button\"><a class=\"wp-block-button__link has-text-align-center wp-element-button\" href=\"\/de\/geschichte-1801-1841\/\">Geschichte<\/a><\/div>\n\n\n\n<div class=\"wp-block-button mobile-full-row\"><a class=\"wp-block-button__link has-text-align-center wp-element-button\" href=\"\/de\/wydarzenia\/\">Veranstaltungen<\/a><\/div>\n<\/div>\n\n\n<style><\/style><style><\/style>\n<div class=\"wp-block-ugb-container ugb-container hand-wrap ugb-5cb6c82 ugb-container--v2 ugb-container--design-plain ugb-main-block\" id=\"hand-icon\"><style>@media screen and (min-width:768px){.ugb-5cb6c82.ugb-container{margin-top:0px !important;margin-bottom:0px !important;margin-right:0px !important;margin-left:0px !important;padding-top:0px !important;padding-right:0px !important;padding-bottom:0px !important;padding-left:0px !important}}<\/style><div class=\"ugb-inner-block\"><div class=\"ugb-block-content\"><div class=\"ugb-container__wrapper ugb-5cb6c82-wrapper\"><div class=\"ugb-container__side\"><div class=\"ugb-container__content-wrapper ugb-5cb6c82-content-wrapper\">\n<div class=\"wp-block-stackable-image hand-icon stk-block-image stk-block stk-0910b34\" data-block-id=\"0910b34\"><style>.stk-0910b34{max-width:42px !important;min-width:auto !important;margin-right:auto !important;margin-left:auto !important;display:flex !important}.stk-0910b34{align-items:center !important}<\/style><figure class=\"stk-img-wrapper stk-image--shape-stretch\"><img loading=\"lazy\" decoding=\"async\" class=\"stk-img wp-image-1775\" src=\"http:\/\/szybmaciej.kompleks-ludwik.pl\/wp-content\/uploads\/2022\/03\/cursor.svg\" width=\"150\" height=\"300\"\/><\/figure><\/div>\n<\/div><\/div><\/div><\/div><\/div><\/div>\n\n\n<style><\/style><style><\/style>\n<div class=\"wp-block-stackable-columns stk-block-columns stk-block stk-954bdba\" data-block-id=\"954bdba\"><div class=\"stk-row stk-inner-blocks stk-block-content stk-content-align stk-954bdba-column\">\n<div class=\"wp-block-stackable-column stk-block-column stk-column stk-block stk-8b867e3\" data-block-id=\"8b867e3\"><div class=\"stk-column-wrapper stk-block-column__content stk-container stk-8b867e3-container stk--no-background stk--no-padding\"><div class=\"stk-block-content stk-inner-blocks\">\n<div class=\"logo-container\">\n  <div class=\"item\">\n    <a href=\"https:\/\/www.slaskiesmaki.pl\/\" title=\"\u015al\u0105skie Smaki\" target=\"_blank\" rel=\"noreferrer noopener\"><img decoding=\"async\" src=\"\/wp-content\/uploads\/2022\/10\/Slaskie_Smaki_Szlak_Kulinarny_2_grey.png\" alt=\"\u015al\u0105skie smaki\"><\/a>\n  <\/div>\n  <div class=\"item\">\n    <a href=\"https:\/\/www.zabytkitechniki.pl\/\" title=\"Szlak Zabyt\u00f3w Techniki\" target=\"_blank\" rel=\"noreferrer noopener\"><img decoding=\"async\" src=\"\/wp-content\/uploads\/2022\/02\/szlak-zabytkow-techniki.png\"><\/a>\n  <\/div>\n  <div class=\"item\">\n    <a href=\"https:\/\/zabytkitechniki.pl\/guidebook\/147286\/gwiazdy-techniki\" title=\"Gwiazdy Techniki\" target=\"_blank\" rel=\"noreferrer noopener\"><img decoding=\"async\" src=\"\/wp-content\/uploads\/2022\/02\/gwiazda-techniki.png\"><\/a>\n  <\/div>\n  <div class=\"item\">\n    <a href=\"https:\/\/silesiaconvention.pl\" target=\"_blank\" title=\"Silesia Convention Bureau\" rel=\"noopener\"><img decoding=\"async\" src=\"\/wp-content\/uploads\/2025\/12\/logo-SilesiaConventionBureau.svg\" alt=\"Silesia Convention Bureau\"><\/a>\n  <\/div>\n<\/div>\n<\/div><\/div><\/div>\n<\/div><\/div>\n<\/div><\/div><\/div><\/div><\/div><\/div>\n\n\n\n<div class=\"wp-block-ugb-container ugb-container ugb-71096d7 ugb-container--v2 ugb-container--design-plain ugb-main-block\"><style>@media screen and (min-width:768px){.ugb-71096d7.ugb-container{margin-top:100px !important}}<\/style><div class=\"ugb-inner-block\"><div class=\"ugb-block-content\"><div class=\"ugb-container__wrapper ugb-71096d7-wrapper\"><div class=\"ugb-container__side\"><div class=\"ugb-container__content-wrapper ugb-71096d7-content-wrapper\">\n<div class=\"wp-block-ugb-columns ugb-columns ugb-0a60f3d ugb-columns--design-plain ugb-columns--columns-2 ugb-main-block\"><div class=\"ugb-inner-block\"><div class=\"ugb-block-content\"><div class=\"ugb-columns__item ugb-0a60f3d-content-wrapper\">\n<div class=\"wp-block-ugb-column ugb-column ugb-db8dcd6 ugb-column--design-plain ugb-main-block\"><style>@media screen and (min-width:768px){.ugb-db8dcd6 > .ugb-inner-block > .ugb-block-content > *{padding-right:50px !important}}<\/style><div class=\"ugb-inner-block\"><div class=\"ugb-block-content\"><div class=\"ugb-column__item ugb-db8dcd6-column-wrapper\"><div class=\"ugb-column__content-wrapper\">\n<div class=\"wp-block-ugb-heading ugb-heading ugb-cf1d7a3 ugb-main-block\"><style>.ugb-cf1d7a3 .ugb-heading__title{margin-bottom:30px !important}.ugb-cf1d7a3 .ugb-heading__subtitle{line-height:1.3em !important;margin-bottom:30px !important}<\/style><div class=\"ugb-inner-block\"><div class=\"ugb-block-content\"><h2 class=\"ugb-heading__title\">VERANSTALTUNGEN<\/h2><p class=\"ugb-heading__subtitle\">Die Absicht der Sch\u00f6pfer von Maciej Shaft ist eine Kultur des Essens. Wir verbinden exzellenten Geschmack mit perfekter Inneneinrichtung, die eine Kombination aus Industriearchitektur mit rotem Backstein und modernem Stahl, Beton und Glas darstellt. Die Innenr\u00e4ume sowie der Innenhof des Maciej-Schachtes bieten die perfekte Kulisse f\u00fcr Konzerte, Ausstellungen und Open-Air-Veranstaltungen. Wir stellen den Komplex Malern, Grafikern, Filmemachern, Fotografen und Musikern, aber auch Liebhabern anderer K\u00fcnste, einschlie\u00dflich der Kochkunst, zur Verf\u00fcgung. Wir veranstalten sowohl prestigetr\u00e4chtige kulturelle Events, wie Konzerte im Rahmen des Ars Cameralis Festivals, als auch offene Veranstaltungen wie Industriada, Maciej Extremalny und Chill Out. Behalten Sie unseren Kalender im Auge &#8211; wir versprechen, es lohnt sich!<\/p><\/div><\/div><\/div>\n<\/div><\/div><\/div><\/div><\/div>\n\n\n\n<div class=\"wp-block-ugb-column ugb-column ugb-6411284 ugb-column--design-plain ugb-main-block\"><div class=\"ugb-inner-block\"><div class=\"ugb-block-content\"><div class=\"ugb-column__item ugb-6411284-column-wrapper\"><div class=\"ugb-column__content-wrapper\">\n<div class=\"wp-block-stackable-image stk-block-image stk-block stk-b457776\" data-block-id=\"b457776\"><figure class=\"stk-img-wrapper stk-image--shape-stretch\"><img loading=\"lazy\" decoding=\"async\" class=\"stk-img wp-image-3389\" src=\"http:\/\/szybmaciej.pl\/wp-content\/uploads\/2022\/02\/szyb-lasery.jpg\" width=\"1452\" height=\"1520\" srcset=\"https:\/\/szybmaciej.pl\/wp-content\/uploads\/2022\/02\/szyb-lasery.jpg 1452w, https:\/\/szybmaciej.pl\/wp-content\/uploads\/2022\/02\/szyb-lasery-600x628.jpg 600w, https:\/\/szybmaciej.pl\/wp-content\/uploads\/2022\/02\/szyb-lasery-287x300.jpg 287w, https:\/\/szybmaciej.pl\/wp-content\/uploads\/2022\/02\/szyb-lasery-978x1024.jpg 978w, https:\/\/szybmaciej.pl\/wp-content\/uploads\/2022\/02\/szyb-lasery-768x804.jpg 768w\" sizes=\"auto, (max-width: 1452px) 100vw, 1452px\" \/><\/figure><\/div>\n<\/div><\/div><\/div><\/div><\/div>\n<\/div><\/div><\/div><\/div>\n<\/div><\/div><\/div><\/div><\/div><\/div>\n","protected":false},"excerpt":{"rendered":"<p>Veranstaltungen KULTUR \u00b7 MUSIK \u00b7 UNTERHALTUNG VERANSTALTUNGEN Die Absicht der Sch\u00f6pfer von Maciej Shaft ist eine Kultur des Essens. Wir verbinden exzellenten Geschmack mit perfekter Inneneinrichtung, die eine Kombination aus Industriearchitektur mit rotem Backstein und modernem Stahl, Beton und Glas darstellt. Die Innenr\u00e4ume sowie der Innenhof des Maciej-Schachtes bieten die perfekte Kulisse f\u00fcr Konzerte, Ausstellungen [&hellip;]<\/p>\n","protected":false},"author":1,"featured_media":0,"parent":0,"menu_order":0,"comment_status":"closed","ping_status":"closed","template":"","meta":{"_acf_changed":false,"_gspb_post_css":"","footnotes":""},"class_list":["post-4440","page","type-page","status-publish","hentry"],"blocksy_meta":{"styles_descriptor":{"styles":{"desktop":"","tablet":"","mobile":""},"google_fonts":[],"version":6}},"acf":[],"aioseo_notices":[],"featured_image_urls_v2":{"full":"","thumbnail":"","medium":"","medium_large":"","large":"","1536x1536":"","2048x2048":"","awb_sm":"","awb_md":"","awb_lg":"","awb_xl":""},"post_excerpt_stackable_v2":"<p>Veranstaltungen KULTUR \u00b7 MUSIK \u00b7 UNTERHALTUNG Restaurant Bistro Tourismus Geschichte Veranstaltungen VERANSTALTUNGENDie Absicht der Sch\u00f6pfer von Maciej Shaft ist eine Kultur des Essens. Wir verbinden exzellenten Geschmack mit perfekter Inneneinrichtung, die eine Kombination aus Industriearchitektur mit rotem Backstein und modernem Stahl, Beton und Glas darstellt. Die Innenr\u00e4ume sowie der Innenhof des Maciej-Schachtes bieten die perfekte Kulisse f\u00fcr Konzerte, Ausstellungen und Open-Air-Veranstaltungen. Wir stellen den Komplex Malern, Grafikern, Filmemachern, Fotografen und Musikern, aber auch Liebhabern anderer K\u00fcnste, einschlie\u00dflich der Kochkunst, zur Verf\u00fcgung. Wir veranstalten sowohl prestigetr\u00e4chtige kulturelle Events, wie Konzerte im Rahmen des Ars Cameralis Festivals, als auch offene Veranstaltungen wie&hellip;<\/p>\n","category_list_v2":"","author_info_v2":{"name":"szybmaciej","url":"https:\/\/szybmaciej.pl\/de\/author\/kopalnia\/"},"comments_num_v2":"0 comments","_links":{"self":[{"href":"https:\/\/szybmaciej.pl\/de\/wp-json\/wp\/v2\/pages\/4440","targetHints":{"allow":["GET"]}}],"collection":[{"href":"https:\/\/szybmaciej.pl\/de\/wp-json\/wp\/v2\/pages"}],"about":[{"href":"https:\/\/szybmaciej.pl\/de\/wp-json\/wp\/v2\/types\/page"}],"author":[{"embeddable":true,"href":"https:\/\/szybmaciej.pl\/de\/wp-json\/wp\/v2\/users\/1"}],"replies":[{"embeddable":true,"href":"https:\/\/szybmaciej.pl\/de\/wp-json\/wp\/v2\/comments?post=4440"}],"version-history":[{"count":1,"href":"https:\/\/szybmaciej.pl\/de\/wp-json\/wp\/v2\/pages\/4440\/revisions"}],"predecessor-version":[{"id":11365,"href":"https:\/\/szybmaciej.pl\/de\/wp-json\/wp\/v2\/pages\/4440\/revisions\/11365"}],"wp:attachment":[{"href":"https:\/\/szybmaciej.pl\/de\/wp-json\/wp\/v2\/media?parent=4440"}],"curies":[{"name":"wp","href":"https:\/\/api.w.org\/{rel}","templated":true}]}}