{"id":4436,"date":"2022-03-02T10:23:33","date_gmt":"2022-03-02T09:23:33","guid":{"rendered":"http:\/\/szybmaciej.kompleks-ludwik.pl\/?page_id=4436"},"modified":"2022-07-22T13:23:18","modified_gmt":"2022-07-22T11:23:18","slug":"woda-z-szybu-maciej","status":"publish","type":"page","link":"https:\/\/szybmaciej.pl\/de\/tourismus\/woda-z-szybu-maciej\/","title":{"rendered":"Woda z Szybu Maciej DE"},"content":{"rendered":"\n<div class=\"alignfull wp-block-ugb-container ugb-container ugb-ba78450 ugb-container--v2 ugb-container--design-plain ugb-main-block ugb-main-block--inner-center ugb--has-block-background ugb--has-background-overlay\"><style>.ugb-ba78450-wrapper.ugb-container__wrapper{min-height:100vh}.ugb-ba78450 .ugb-inner-block{text-align:center}.ugb-ba78450.ugb-container{background-color:#000000;background-image:url(http:\/\/szybmaciej.kompleks-ludwik.pl\/wp-content\/uploads\/2022\/03\/Image-56-1-scaled.jpg);background-position:bottom center}.ugb-ba78450.ugb-container:before{background-color:#000000;opacity:0.1}.ugb-ba78450 > .ugb-inner-block > .ugb-block-content > *{justify-content:center !important}<\/style><div class=\"ugb-inner-block ugb-inner-block--center\"><div class=\"ugb-block-content\"><div class=\"ugb-container__wrapper ugb-ba78450-wrapper\"><div class=\"ugb-container__side\"><div class=\"ugb-container__content-wrapper ugb-ba78450-content-wrapper\">\n<div class=\"wp-block-stackable-columns stk-block-columns stk-block stk-8c8ecaa\" data-block-id=\"8c8ecaa\"><style>.stk-8c8ecaa{display:flex !important}.stk-8c8ecaa{align-items:center !important}<\/style><div class=\"stk-row stk-inner-blocks stk-block-content stk-content-align stk-8c8ecaa-column\">\n<div class=\"wp-block-stackable-column stk-block-column stk-column stk-block stk-e700e51\" data-block-id=\"e700e51\"><div class=\"stk-column-wrapper stk-block-column__content stk-container stk-e700e51-container stk--no-background stk--no-padding\"><div class=\"stk-block-content stk-inner-blocks\">\n<h1 class=\"has-text-align-center shadow has-palette-color-8-color has-text-color wp-block-heading\" id=\"szyb-maciej\"><span style=\"color: var(--theme-palette-color-8, #ffffff);\" class=\"stk-highlight\">WASSER AUS DEM SCHACHT MACIEJ<\/span><\/h1>\n<\/div><\/div><\/div>\n<\/div><\/div>\n\n\n\n<div class=\"wp-block-stackable-columns stk-block-columns stk-block stk-1b3bc57\" data-block-id=\"1b3bc57\"><style>.stk-1b3bc57{margin-bottom:1px !important;display:flex !important}.stk-1b3bc57{align-items:center !important}<\/style><div class=\"stk-row stk-inner-blocks stk-block-content stk-content-align stk-1b3bc57-column\">\n<div class=\"wp-block-stackable-column stk-block-column stk-column stk-block stk-ca24010\" data-block-id=\"ca24010\"><style>@media screen and (min-width:690px){.stk-ca24010{flex:1 1 calc(25% - var(--stk-column-gap,0px) * 2 \/ 3 ) !important}}<\/style><div class=\"stk-column-wrapper stk-block-column__content stk-container stk-ca24010-container stk--no-background stk--no-padding\"><div class=\"stk-block-content stk-inner-blocks\"><\/div><\/div><\/div>\n\n\n\n<div class=\"wp-block-stackable-column stk-block-column stk-column stk-block stk-43c3973\" data-block-id=\"43c3973\"><style>@media screen and (min-width:690px){.stk-43c3973{flex:1 1 calc(50% - var(--stk-column-gap,0px) * 2 \/ 3 ) !important}}<\/style><div class=\"stk-column-wrapper stk-block-column__content stk-container stk-43c3973-container stk--no-background stk--no-padding\"><div class=\"stk-block-content stk-inner-blocks\">\n<div class=\"wp-block-ugb-video-popup ugb-video-popup ugb-d6275cd ugb-video-popup--v3 ugb-main-block\"><style>.ugb-d6275cd .ugb-video-popup__wrapper{height:50px !important;background-color:rgba(0,0,0,0)}.ugb-d6275cd .ugb-video-popup__wrapper:before{background-color:#000000}.ugb-d6275cd .ugb-video-popup__wrapper:hover:before{opacity:0.2}<\/style><div class=\"ugb-inner-block\"><div class=\"ugb-block-content\"><div class=\"ugb-video-popup__wrapper ugb--shadow-0\" data-video=\"eGFKMv86DIU\"><button class=\"ugb-video-popup__overlay\" aria-label=\"Play\"><span class=\"ugb-video-popup__play-button\"><svg xmlns=\"http:\/\/www.w3.org\/2000\/svg\" viewBox=\"0 0 40 40\" class=\"ugb-play-button-cirle\" width=\"50\" height=\"50\"><path d=\"M16 29l12-9-12-9v18zm4-29C8.95 0 0 8.95 0 20s8.95 20 20 20 20-8.95 20-20S31.05 0 20 0zm0 36c-8.82 0-16-7.18-16-16S11.18 4 20 4s16 7.18 16 16-7.18 16-16 16z\"><\/path><\/svg><\/span><\/button><\/div><\/div><\/div><\/div>\n<\/div><\/div><\/div>\n\n\n\n<div class=\"wp-block-stackable-column stk-block-column stk-column stk-block stk-c18c929\" data-block-id=\"c18c929\"><style>@media screen and (min-width:690px){.stk-c18c929{flex:1 1 calc(25% - var(--stk-column-gap,0px) * 2 \/ 3 ) !important}}<\/style><div class=\"stk-column-wrapper stk-block-column__content stk-container stk-c18c929-container stk--no-background stk--no-padding\"><div class=\"stk-block-content stk-inner-blocks\"><\/div><\/div><\/div>\n<\/div><\/div>\n\n\n\n<div class=\"wp-block-stackable-columns stk-block-columns stk-block stk-0248377\" data-block-id=\"0248377\"><style>.stk-0248377{display:flex !important}.stk-0248377{align-items:flex-end !important}<\/style><div class=\"stk-row stk-inner-blocks stk-block-content stk-content-align stk-0248377-column\">\n<div class=\"wp-block-stackable-column stk-block-column stk-column stk-block stk-34eece6\" data-block-id=\"34eece6\"><style>@media screen and (min-width:690px){.stk-34eece6{flex:1 1 calc(15% - var(--stk-column-gap,0px) * 2 \/ 3 ) !important}}<\/style><div class=\"stk-column-wrapper stk-block-column__content stk-container stk-34eece6-container stk--no-background stk--no-padding\"><div class=\"stk-block-content stk-inner-blocks\"><\/div><\/div><\/div>\n\n\n\n<div class=\"wp-block-stackable-column stk-block-column stk-column stk-block stk-2e45f1e\" data-block-id=\"2e45f1e\"><style>@media screen and (min-width:690px){.stk-2e45f1e{flex:1 1 calc(70% - var(--stk-column-gap,0px) * 2 \/ 3 ) !important}}<\/style><div class=\"stk-column-wrapper stk-block-column__content stk-container stk-2e45f1e-container stk--no-background stk--no-padding\"><div class=\"has-text-align-center stk-block-content stk-inner-blocks\"><\/div><\/div><\/div>\n\n\n\n<div class=\"wp-block-stackable-column stk-block-column stk-column stk-block stk-4eb06b5\" data-block-id=\"4eb06b5\"><style>@media screen and (min-width:690px){.stk-4eb06b5{flex:1 1 calc(15% - var(--stk-column-gap,0px) * 2 \/ 3 ) !important}}<\/style><div class=\"stk-column-wrapper stk-block-column__content stk-container stk-4eb06b5-container stk--no-background stk--no-padding\"><div class=\"stk-block-content stk-inner-blocks\"><\/div><\/div><\/div>\n<\/div><\/div>\n<\/div><\/div><\/div><\/div><\/div><\/div>\n\n\n\n<div class=\"alignfull wp-block-ugb-columns ugb-columns ugb-734f11c ugb-columns--design-plain ugb-columns--columns-2 ugb-main-block ugb-main-block--inner-center ugb--has-block-background\" id=\"woda\"><style>.ugb-734f11c > .ugb-inner-block > .ugb-block-content > .ugb-columns__item{grid-template-columns:1.10fr 0.90fr !important}.ugb-734f11c.ugb-columns{background-color:var(--theme-palette-color-8,#ffffff)}.ugb-734f11c.ugb-columns:before{background-color:var(--theme-palette-color-8,#ffffff)}@media screen and (min-width:768px){.ugb-734f11c.ugb-columns{margin-top:75px !important;margin-bottom:0px !important;padding-right:35px !important;padding-bottom:0px !important;padding-left:35px !important}}<\/style><div class=\"ugb-inner-block ugb-inner-block--center\"><div class=\"ugb-block-content\"><div class=\"ugb-columns__item ugb-734f11c-content-wrapper\">\n<div class=\"wp-block-ugb-column ugb-column ugb-89aa0f6 ugb-column--design-plain ugb-main-block\"><style>@media screen and (min-width:768px){.ugb-89aa0f6 > .ugb-inner-block > .ugb-block-content > *{padding-right:40px !important}}<\/style><div class=\"ugb-inner-block\"><div class=\"ugb-block-content\"><div class=\"ugb-column__item ugb-89aa0f6-column-wrapper\"><div class=\"ugb-column__content-wrapper\">\n<div class=\"wp-block-ugb-heading ugb-heading ugb-435b534 ugb-main-block\"><style>.ugb-435b534 .ugb-heading__title{margin-bottom:30px !important}.ugb-435b534 .ugb-heading__subtitle{font-family:\"Lato\",Sans-serif !important;font-size:18px !important;line-height:1.3em !important;color:var(--theme-palette-color-2,#666666)}@media screen and (max-width:768px){.ugb-435b534.ugb-heading{margin-top:30px !important}}<\/style><div class=\"ugb-inner-block\"><div class=\"ugb-block-content\"><h1 class=\"ugb-heading__title\">WASSER AUS DEM SCHACHT MACIEJ<\/h1><p class=\"ugb-heading__subtitle\">Die Trinkwasserfassung Schacht Maciej wurde 1993 in Zabrze-Maciej\u00f3w im Zuge der Umgestaltung des Bergbauschachts Maciej errichtet, der Anfang des 20. Jahrhunderts von der ehemaligen Concordia-Mine ausgehoben wurde. Im Zusammenhang mit der Beendigung der Kohlef\u00f6rderung und der geplanten Liquidierung der unter- und \u00fcbert\u00e4gigen Teile der Bergbauanlage in der N\u00e4he von Schacht Maciej durch den k\u00fcnftigen Eigent\u00fcmer, d.h. Kopalnia W\u0119gla Kamiennego &#8220;Pstrowski&#8221;, wurde auch die Liquidierung des stillgelegten Schachts ins Auge gefasst.<br><br>Die Bergbaugesellschaft DEM EX Sp. z o.o. bot dem Bergwerk an, diesen Plan aufzugeben und entwickelte nach ihrem eigenen Konzept ein Projekt zum Umbau des Schachts in eine Wasserfassung. Das vorgeschlagene Konzept sah vor, den unteren Teil des Schachts stillzulegen und im oberen Teil des Schachts eine Schachtwasserfassung einzurichten, die aus einem Grundwasserleiter aus der Trias gespeist wird, der den Schacht in einer Tiefe von etwa 70 bis 80 m durchquert. Im Jahr 1993 wurde das Projekt abgeschlossen, und seither funktioniert die Wasserfassung wie urspr\u00fcnglich vorgesehen.<br><br>Der Schacht ist mit zwei Tauchpumpen ausgestattet (eine davon ist eine Reservepumpe), die das Wasser zur nahe gelegenen Wasserstation f\u00f6rdern, von wo aus es durch Kiesfilter gefiltert und an die Verbraucher weitergeleitet wird. Das Wasser aus der Entnahme ist ein mittelmineralisiertes Kalzium-Magnesium-Wasser mit ausgezeichneten Geschmackseigenschaften und einer konstanten Temperatur von etwa 8-9\u00b0C.<br><br>Das Wasser aus dem Maciej-Schacht wird systematischen physikalisch-chemischen und mikrobiologischen Untersuchungen unterzogen.<\/p><\/div><\/div><\/div>\n<\/div><\/div><\/div><\/div><\/div>\n\n\n\n<div class=\"wp-block-ugb-column ugb-column ugb-4c359cf ugb-column--design-plain ugb-main-block\"><div class=\"ugb-inner-block\"><div class=\"ugb-block-content\"><div class=\"ugb-column__item ugb-4c359cf-column-wrapper\"><div class=\"ugb-column__content-wrapper\">\n<div class=\"wp-block-stackable-image stk-block-image stk-block stk-ff3e665\" data-block-id=\"ff3e665\"><figure class=\"stk-img-wrapper stk-image--shape-stretch\"><img loading=\"lazy\" decoding=\"async\" class=\"stk-img wp-image-4244\" src=\"https:\/\/szybmaciej.pl\/wp-content\/uploads\/2022\/05\/szyb-schemat-woda-deutsch.jpg\" width=\"496\" height=\"800\" srcset=\"https:\/\/szybmaciej.pl\/wp-content\/uploads\/2022\/05\/szyb-schemat-woda-deutsch.jpg 496w, https:\/\/szybmaciej.pl\/wp-content\/uploads\/2022\/05\/szyb-schemat-woda-deutsch-186x300.jpg 186w\" sizes=\"auto, (max-width: 496px) 100vw, 496px\" \/><\/figure><\/div>\n<\/div><\/div><\/div><\/div><\/div>\n<\/div><\/div><\/div><\/div>\n\n\n\n<div class=\"wp-block-ugb-columns ugb-columns ugb-d56b737 ugb-columns--design-plain ugb-columns--columns-2 ugb-main-block\"><style>.ugb-d56b737 > .ugb-inner-block > .ugb-block-content > .ugb-columns__item{grid-template-columns:0.66fr 1.34fr !important}@media screen and (min-width:768px){.ugb-d56b737.ugb-columns{margin-top:0px !important;margin-bottom:30px !important}}<\/style><div class=\"ugb-inner-block\"><div class=\"ugb-block-content\"><div class=\"ugb-columns__item ugb-d56b737-content-wrapper\">\n<div class=\"wp-block-ugb-column ugb-column ugb-03f69ee ugb-column--design-plain ugb-main-block\"><div class=\"ugb-inner-block\"><div class=\"ugb-block-content\"><div class=\"ugb-column__item ugb-03f69ee-column-wrapper\"><div class=\"ugb-column__content-wrapper\">\n<div class=\"wp-block-stackable-image stk-block-image stk-block stk-49010ca\" data-block-id=\"49010ca\"><style>.stk-49010ca .stk-img-wrapper{width:289px !important;height:164px !important}<\/style><figure class=\"stk-img-wrapper stk-image--shape-stretch\"><img loading=\"lazy\" decoding=\"async\" class=\"stk-img wp-image-3793\" src=\"https:\/\/szybmaciej.pl\/wp-content\/uploads\/2022\/03\/referat_likwidacja.jpg\" width=\"380\" height=\"239\" srcset=\"https:\/\/szybmaciej.pl\/wp-content\/uploads\/2022\/03\/referat_likwidacja.jpg 380w, https:\/\/szybmaciej.pl\/wp-content\/uploads\/2022\/03\/referat_likwidacja-300x189.jpg 300w\" sizes=\"auto, (max-width: 380px) 100vw, 380px\" \/><\/figure><\/div>\n<\/div><\/div><\/div><\/div><\/div>\n\n\n\n<div class=\"wp-block-ugb-column ugb-column ugb-bda5114 ugb-column--design-plain ugb-main-block\"><style>.ugb-bda5114 > .ugb-inner-block > .ugb-block-content > *{justify-content:center !important}<\/style><div class=\"ugb-inner-block\"><div class=\"ugb-block-content\"><div class=\"ugb-column__item ugb-bda5114-column-wrapper\"><div class=\"ugb-column__content-wrapper\">\n<div class=\"wp-block-stackable-text stk-block-text stk-block stk-13ff91c\" data-block-id=\"13ff91c\"><style>.stk-13ff91c .stk-block-text__text{color:var(--theme-palette-color-2,#666666) !important}<\/style><p class=\"stk-block-text__text has-text-color has-palette-color-2-color\">Czytaj wi\u0119cej<br><a href=\"\/wp-content\/uploads\/2022\/03\/szyb-maciej-w-zabrzu_Likwidacja-szybu-Maciej_dr-Zbigniew-Barecki.pdf\" target=\"_blank\" rel=\"noreferrer noopener\"><span style=\"color: var(--theme-palette-color-2, #666666);\" class=\"stk-highlight\">Referat: <em>Likwidacja szybu \u201eMaciej\u201d z przekszta\u0142ceniem w studni\u0119 g\u0142\u0119binow\u0105<\/em><\/span><\/a><\/p><\/div>\n<\/div><\/div><\/div><\/div><\/div>\n<\/div><\/div><\/div><\/div>\n\n\n\n<div class=\"wp-block-ugb-container ugb-container ugb-14c0eb4 ugb-container--v2 ugb-container--design-plain ugb-main-block\"><style>@media screen and (min-width:768px){.ugb-14c0eb4 > .ugb-inner-block > .ugb-block-content > *{padding-top:0px !important}}<\/style><div class=\"ugb-inner-block\"><div class=\"ugb-block-content\"><div class=\"ugb-container__wrapper ugb-14c0eb4-wrapper\"><div class=\"ugb-container__side\"><div class=\"ugb-container__content-wrapper ugb-14c0eb4-content-wrapper\">\n<div class=\"wp-block-stackable-image stk-block-image stk-block stk-8932a21\" data-block-id=\"8932a21\"><figure class=\"stk-img-wrapper stk-image--shape-stretch\"><img loading=\"lazy\" decoding=\"async\" class=\"stk-img wp-image-3649\" src=\"https:\/\/szybmaciej.pl\/wp-content\/uploads\/2022\/03\/schemat-2.jpg\" width=\"2150\" height=\"1400\" srcset=\"https:\/\/szybmaciej.pl\/wp-content\/uploads\/2022\/03\/schemat-2.jpg 2150w, https:\/\/szybmaciej.pl\/wp-content\/uploads\/2022\/03\/schemat-2-300x195.jpg 300w, https:\/\/szybmaciej.pl\/wp-content\/uploads\/2022\/03\/schemat-2-1024x667.jpg 1024w, https:\/\/szybmaciej.pl\/wp-content\/uploads\/2022\/03\/schemat-2-768x500.jpg 768w, https:\/\/szybmaciej.pl\/wp-content\/uploads\/2022\/03\/schemat-2-1536x1000.jpg 1536w, https:\/\/szybmaciej.pl\/wp-content\/uploads\/2022\/03\/schemat-2-2048x1334.jpg 2048w, https:\/\/szybmaciej.pl\/wp-content\/uploads\/2022\/03\/schemat-2-600x391.jpg 600w\" sizes=\"auto, (max-width: 2150px) 100vw, 2150px\" \/><\/figure><\/div>\n<\/div><\/div><\/div><\/div><\/div><\/div>\n","protected":false},"excerpt":{"rendered":"<p>WASSER AUS DEM SCHACHT MACIEJ WASSER AUS DEM SCHACHT MACIEJ Die Trinkwasserfassung Schacht Maciej wurde 1993 in Zabrze-Maciej\u00f3w im Zuge der Umgestaltung des Bergbauschachts Maciej errichtet, der Anfang des 20. Jahrhunderts von der ehemaligen Concordia-Mine ausgehoben wurde. Im Zusammenhang mit der Beendigung der Kohlef\u00f6rderung und der geplanten Liquidierung der unter- und \u00fcbert\u00e4gigen Teile der Bergbauanlage [&hellip;]<\/p>\n","protected":false},"author":1,"featured_media":0,"parent":4108,"menu_order":0,"comment_status":"closed","ping_status":"closed","template":"","meta":{"_acf_changed":false,"_gspb_post_css":"","footnotes":""},"class_list":["post-4436","page","type-page","status-publish","hentry"],"blocksy_meta":{"styles_descriptor":{"styles":{"desktop":"[data-prefix=\"single_page\"] {background-color:var(--theme-palette-color-8);background-image:none;}","tablet":"","mobile":""},"google_fonts":[],"version":6},"page_title_panel":"","has_hero_section":"default","b5e5def79491c6e33b1896f4f681f586":"","hero_section":"type-1","hero_elements":[{"id":"custom_title","enabled":true,"heading_tag":"h1","title":"Home"},{"id":"custom_description","enabled":true,"description_visibility":{"desktop":true,"tablet":true,"mobile":false}},{"id":"custom_meta","enabled":false,"meta_elements":[{"id":"author","enabled":true,"label":"By","has_author_avatar":"yes","avatar_size":25},{"id":"post_date","enabled":true,"label":"On","date_format_source":"default","date_format":"M j, Y"},{"id":"updated_date","enabled":false,"label":"On","date_format_source":"default","date_format":"M j, Y"},{"id":"categories","enabled":false,"label":"In","style":"simple"},{"id":"comments","enabled":true}],"page_meta_elements":{"joined":true,"articles_count":true,"comments":true}},{"id":"breadcrumbs","enabled":false}],"e7fa11f6340238bf9370728085a6e40f":"","hero_alignment1":"CT_CSS_SKIP_RULE","hero_margin":40,"hero_alignment2":"center","hero_vertical_alignment":"center","782dc4ab5e99b9f1172833a335f17913":"","hero_structure":"narrow","f4e0e90340fdca33c342195b7f00560d":"","page_title_bg_type":"featured_image","custom_hero_background":{"attachment_id":null},"parallax":{"desktop":false,"tablet":false,"mobile":false},"4371ed3022dee280e481702e1e690754":"","hero_height":"250px","pageTitleFont":{"family":"Default","variation":"Default","size":"30px","line-height":"CT_CSS_SKIP_RULE","letter-spacing":"CT_CSS_SKIP_RULE","text-transform":"CT_CSS_SKIP_RULE","text-decoration":"CT_CSS_SKIP_RULE"},"pageTitleFontColor":{"default":{"color":"CT_CSS_SKIP_RULEDEFAULT"}},"pageMetaFont":{"family":"Default","variation":"n6","size":"12px","line-height":"1.3","letter-spacing":"CT_CSS_SKIP_RULE","text-transform":"uppercase","text-decoration":"CT_CSS_SKIP_RULE"},"pageMetaFontColor":{"default":{"color":"CT_CSS_SKIP_RULEDEFAULT"},"hover":{"color":"CT_CSS_SKIP_RULEDEFAULT"}},"page_meta_button_type_font_colors":{"default":{"color":"CT_CSS_SKIP_RULEDEFAULT"},"hover":{"color":"CT_CSS_SKIP_RULEDEFAULT"}},"page_meta_button_type_background_colors":{"default":{"color":"CT_CSS_SKIP_RULEDEFAULT"},"hover":{"color":"CT_CSS_SKIP_RULEDEFAULT"}},"pageExcerptFont":{"family":"Default","variation":"Default","size":"CT_CSS_SKIP_RULE","line-height":"CT_CSS_SKIP_RULE","letter-spacing":"CT_CSS_SKIP_RULE","text-transform":"CT_CSS_SKIP_RULE","text-decoration":"CT_CSS_SKIP_RULE"},"pageExcerptColor":{"default":{"color":"CT_CSS_SKIP_RULEDEFAULT"}},"breadcrumbsFont":{"family":"Default","variation":"Default","size":"CT_CSS_SKIP_RULE","line-height":"CT_CSS_SKIP_RULE","letter-spacing":"CT_CSS_SKIP_RULE","text-transform":"CT_CSS_SKIP_RULE","text-decoration":"CT_CSS_SKIP_RULE"},"breadcrumbsFontColor":{"default":{"color":"CT_CSS_SKIP_RULEDEFAULT"},"initial":{"color":"CT_CSS_SKIP_RULEDEFAULT"},"hover":{"color":"CT_CSS_SKIP_RULEDEFAULT"}},"pageTitleOverlay":{"background_type":"color","background_pattern":"type-1","background_image":{"attachment_id":null,"x":0,"y":0},"gradient":"linear-gradient(135deg,rgba(6,147,227,1) 0%,rgb(155,81,224) 100%)","background_repeat":"repeat","background_size":"auto","background_attachment":"scroll","patternColor":{"default":{"color":"#e5e7ea"}},"overlayColor":{"default":{"color":"CT_CSS_SKIP_RULE"}},"backgroundColor":{"default":{"color":"CT_CSS_SKIP_RULE"}}},"pageTitleBackground":{"background_type":"color","background_pattern":"type-1","background_image":{"attachment_id":null,"x":0,"y":0},"gradient":"linear-gradient(135deg,rgba(6,147,227,1) 0%,rgb(155,81,224) 100%)","background_repeat":"repeat","background_size":"auto","background_attachment":"scroll","patternColor":{"default":{"color":"#e5e7ea"}},"overlayColor":{"default":{"color":"CT_CSS_SKIP_RULE"}},"backgroundColor":{"default":{"color":"var(--theme-palette-color-6)"}}},"pageTitlePadding":{"top":"50px","bottom":"50px","left":"auto","right":"auto","linked":true},"10d969b588139847aeff47ddc198e743":"","page_structure_type":"default","67625b3ec75fb3bc6eb14cf75310938b":"","content_style_source":"inherit","content_style":"wide","vertical_spacing_source":"inherit","content_area_spacing":"both","background":{"desktop":{"background_type":"color","background_pattern":"type-1","background_image":{"attachment_id":null,"x":0,"y":0},"gradient":"linear-gradient(135deg,rgba(6,147,227,1) 0%,rgb(155,81,224) 100%)","background_repeat":"repeat","background_size":"auto","background_attachment":"scroll","patternColor":{"default":{"color":"#e5e7ea"}},"overlayColor":{"default":{"color":"CT_CSS_SKIP_RULE"}},"backgroundColor":{"default":{"color":"var(--theme-palette-color-8)"}}},"tablet":{"background_type":"color","background_pattern":"type-1","background_image":{"attachment_id":null,"x":0,"y":0},"gradient":"linear-gradient(135deg,rgba(6,147,227,1) 0%,rgb(155,81,224) 100%)","background_repeat":"repeat","background_size":"auto","background_attachment":"scroll","patternColor":{"default":{"color":"#e5e7ea"}},"overlayColor":{"default":{"color":"CT_CSS_SKIP_RULE"}},"backgroundColor":{"default":{"color":"var(--theme-palette-color-8)"}}},"mobile":{"background_type":"color","background_pattern":"type-1","background_image":{"attachment_id":null,"x":0,"y":0},"gradient":"linear-gradient(135deg,rgba(6,147,227,1) 0%,rgb(155,81,224) 100%)","background_repeat":"repeat","background_size":"auto","background_attachment":"scroll","patternColor":{"default":{"color":"#e5e7ea"}},"overlayColor":{"default":{"color":"CT_CSS_SKIP_RULE"}},"backgroundColor":{"default":{"color":"var(--theme-palette-color-8)"}}},"__changed":[]},"content_background":{"background_type":"color","background_pattern":"type-1","background_image":{"attachment_id":null,"x":0,"y":0},"gradient":"linear-gradient(135deg,rgba(6,147,227,1) 0%,rgb(155,81,224) 100%)","background_repeat":"repeat","background_size":"auto","background_attachment":"scroll","patternColor":{"default":{"color":"#e5e7ea"}},"overlayColor":{"default":{"color":"CT_CSS_SKIP_RULE"}},"backgroundColor":{"default":{"color":"var(--theme-palette-color-8)"}}},"content_boxed_shadow":{"inherit":false,"blur":18,"spread":-6,"v_offset":12,"h_offset":0,"inset":false,"enable":true,"color":{"color":"rgba(34, 56, 101, 0.04)"}},"boxed_content_spacing":{"desktop":{"top":"40px","bottom":"40px","left":"40px","right":"40px","linked":true},"tablet":{"top":"35px","bottom":"35px","left":"35px","right":"35px","linked":true},"mobile":{"top":"20px","bottom":"20px","left":"20px","right":"20px","linked":true}},"content_boxed_radius":{"top":"3px","bottom":"3px","left":"3px","right":"3px","linked":true},"24819df1e5fb19e730ff53a150134674":"","disable_featured_image":"no","disable_share_box":"no","disable_header":"no","disable_footer":"no","89d0085c2f15b29d62367ad94012792d":"","93da6c9294fcc89b22ae9fd985f14f28":"","5466ad40b5ee197e98a7984c2c17a453":"","1a446670df0362f88fe8a13a180b8e4f":"","de66f85f03960e0281a5c146367c5259":"","1f8a22d0ff4f67bd326dae6a34a6146c":"","c1a1f59b316d5bc712c096663692c95b":"","419379b870881b1ec92681fa95b4eacf":""},"acf":[],"aioseo_notices":[],"featured_image_urls_v2":{"full":"","thumbnail":"","medium":"","medium_large":"","large":"","1536x1536":"","2048x2048":"","awb_sm":"","awb_md":"","awb_lg":"","awb_xl":""},"post_excerpt_stackable_v2":"<p>WASSER AUS DEM SCHACHT MACIEJ WASSER AUS DEM SCHACHT MACIEJDie Trinkwasserfassung Schacht Maciej wurde 1993 in Zabrze-Maciej\u00f3w im Zuge der Umgestaltung des Bergbauschachts Maciej errichtet, der Anfang des 20. Jahrhunderts von der ehemaligen Concordia-Mine ausgehoben wurde. Im Zusammenhang mit der Beendigung der Kohlef\u00f6rderung und der geplanten Liquidierung der unter- und \u00fcbert\u00e4gigen Teile der Bergbauanlage in der N\u00e4he von Schacht Maciej durch den k\u00fcnftigen Eigent\u00fcmer, d.h. Kopalnia W\u0119gla Kamiennego &#8220;Pstrowski&#8221;, wurde auch die Liquidierung des stillgelegten Schachts ins Auge gefasst.Die Bergbaugesellschaft DEM EX Sp. z o.o. bot dem Bergwerk an, diesen Plan aufzugeben und entwickelte nach ihrem eigenen Konzept ein Projekt&hellip;<\/p>\n","category_list_v2":"","author_info_v2":{"name":"szybmaciej","url":"https:\/\/szybmaciej.pl\/de\/author\/kopalnia\/"},"comments_num_v2":"0 comments","_links":{"self":[{"href":"https:\/\/szybmaciej.pl\/de\/wp-json\/wp\/v2\/pages\/4436","targetHints":{"allow":["GET"]}}],"collection":[{"href":"https:\/\/szybmaciej.pl\/de\/wp-json\/wp\/v2\/pages"}],"about":[{"href":"https:\/\/szybmaciej.pl\/de\/wp-json\/wp\/v2\/types\/page"}],"author":[{"embeddable":true,"href":"https:\/\/szybmaciej.pl\/de\/wp-json\/wp\/v2\/users\/1"}],"replies":[{"embeddable":true,"href":"https:\/\/szybmaciej.pl\/de\/wp-json\/wp\/v2\/comments?post=4436"}],"version-history":[{"count":0,"href":"https:\/\/szybmaciej.pl\/de\/wp-json\/wp\/v2\/pages\/4436\/revisions"}],"up":[{"embeddable":true,"href":"https:\/\/szybmaciej.pl\/de\/wp-json\/wp\/v2\/pages\/4108"}],"wp:attachment":[{"href":"https:\/\/szybmaciej.pl\/de\/wp-json\/wp\/v2\/media?parent=4436"}],"curies":[{"name":"wp","href":"https:\/\/api.w.org\/{rel}","templated":true}]}}